{"id":2,"date":"2020-11-01T13:58:32","date_gmt":"2020-11-01T12:58:32","guid":{"rendered":"http:\/\/sprachkarte.de\/?page_id=2"},"modified":"2021-10-29T16:29:26","modified_gmt":"2021-10-29T14:29:26","slug":"beispiel-seite","status":"publish","type":"page","link":"https:\/\/sprachkarte.de\/ds\/","title":{"rendered":"Sprachkarte Niederlausitz"},"content":{"rendered":"<p>Serbska kultura ako centralne a w\u0161o druge p\u015besegajuce znamje regiona \u0141u\u017eyca su wa\u017ene ressource w casach strukturnych zm\u011bnow.<\/p>\n<p>Auf dieser Sprachkarte werden die sorbisch\/wendischen Tonaufnahmen des Sorbischen Instituts Bautzen im Zeitraum von 1952 \u2013 1971 den Orten zugeordnet, an denen sie aufgenommen wurden. Bei den deutschen Textangaben handelt es sich lediglich um kurze Inhaltsangaben der Aufzeichnungen nicht um 1:1 \u00dcbersetzungen.<\/p>\n","protected":false},"excerpt":{"rendered":"<p>Serbska kultura ako centralne a w\u0161o druge p\u015besegajuce znamje regiona \u0141u\u017eyca su wa\u017ene ressource w casach strukturnych zm\u011bnow. Auf dieser Sprachkarte werden die sorbisch\/wendischen Tonaufnahmen des Sorbischen Instituts Bautzen im Zeitraum von 1952 \u2013 1971 den Orten zugeordnet, an denen sie aufgenommen wurden. Bei den deutschen Textangaben handelt es sich lediglich um kurze Inhaltsangaben der [&hellip;]<\/p>\n","protected":false},"author":1,"featured_media":0,"parent":0,"menu_order":0,"comment_status":"closed","ping_status":"open","template":"","meta":{"footnotes":""},"class_list":["post-2","page","type-page","status-publish","hentry"],"_links":{"self":[{"href":"https:\/\/sprachkarte.de\/ds\/wp-json\/wp\/v2\/pages\/2","targetHints":{"allow":["GET"]}}],"collection":[{"href":"https:\/\/sprachkarte.de\/ds\/wp-json\/wp\/v2\/pages"}],"about":[{"href":"https:\/\/sprachkarte.de\/ds\/wp-json\/wp\/v2\/types\/page"}],"author":[{"embeddable":true,"href":"https:\/\/sprachkarte.de\/ds\/wp-json\/wp\/v2\/users\/1"}],"replies":[{"embeddable":true,"href":"https:\/\/sprachkarte.de\/ds\/wp-json\/wp\/v2\/comments?post=2"}],"version-history":[{"count":8,"href":"https:\/\/sprachkarte.de\/ds\/wp-json\/wp\/v2\/pages\/2\/revisions"}],"predecessor-version":[{"id":84,"href":"https:\/\/sprachkarte.de\/ds\/wp-json\/wp\/v2\/pages\/2\/revisions\/84"}],"wp:attachment":[{"href":"https:\/\/sprachkarte.de\/ds\/wp-json\/wp\/v2\/media?parent=2"}],"curies":[{"name":"wp","href":"https:\/\/api.w.org\/{rel}","templated":true}]}}